{"id":5642,"date":"2018-12-05T07:10:03","date_gmt":"2018-12-05T07:10:03","guid":{"rendered":"http:\/\/demo.vastthemes.com\/library-premium\/?page_id=5642"},"modified":"2019-10-11T12:09:38","modified_gmt":"2019-10-11T11:09:38","slug":"contact","status":"publish","type":"page","link":"https:\/\/ozgurgaz.com\/index.php\/contact\/","title":{"rendered":"Contact"},"content":{"rendered":"<section data-kc-fullwidth=\"content\" class=\"kc-elm kc-css-294784 kc_row fw_kc_row\"><div class=\"kc-row-container\"><div class=\"kc-wrap-columns\"><div class=\"kc-elm kc-css-340685 kc_col-sm-12 kc_column kc_col-sm-12\"><div class=\"kc-col-container\"><div class=\"kc-elm kc-css-829377 kc_google_maps kc_shortcode\"><div style=\"height: 450px\" class=\"kc-google-maps\"><iframe src=\"https:\/\/www.google.com\/maps\/embed?pb=!1m18!1m12!1m3!1d12494.129914485355!2d27.2323364!3d38.47535345!2m3!1f0!2f0!3f0!3m2!1i1024!2i768!4f13.1!3m3!1m2!1s0x14b9636b84faa163%3A0x8e562cd0932b52f!2zw5ZaR8OcUiBLQVJERcWeTEVSIEdBWiBBTEVUTEVSxLAgU0FOQVnEsC1SRUbEsEsgS8OcVMOcSw!5e0!3m2!1str!2str!4v1570704067058!5m2!1str!2str\" width=\"100%\" height=\"450\" frameborder=\"0\" style=\"border:0;\" allowfullscreen=\"\"><\/iframe><\/div><\/div><\/div><\/div><\/div><\/div><\/section><section data-kc-fullwidth=\"row\" class=\"kc-elm kc-css-376994 kc_row normalize-kc-padding\"><div class=\"kc-row-container  kc-container\"><div class=\"kc-wrap-columns\"><div class=\"kc-elm kc-css-586630 kc_col-sm-4 kc_column kc_col-sm-4\"><div class=\"kc-col-container\"><div class=\"kc-elm kc-css-665940 kc_row kc_row_inner\"><div class=\"kc-elm kc-css-865408 kc_col-sm-12 kc_column_inner kc_col-sm-12\"><div class=\"kc_wrapper kc-col-inner-container\">\n<div class=\"kc-elm kc-css-493502 kc-title-wrap \">\n\n\t<h2 class=\"kc_title\">Have A Questions? <\/h2>\n<\/div>\nPlease select one of contact form 7 for display.<\/div><\/div><\/div><\/div><\/div><div class=\"kc-elm kc-css-401448 kc_col-sm-4 kc_column kc_col-sm-4\"><div class=\"kc-col-container\"><\/div><\/div><div class=\"kc-elm kc-css-83430 kc_col-sm-4 kc_column kc_col-sm-4\"><div class=\"kc-col-container\"><div class=\"kc-elm kc-css-432277 kc_row kc_row_inner\"><div class=\"kc-elm kc-css-705452 kc_col-sm-6 kc_column_inner kc_col-sm-6\"><div class=\"kc_wrapper kc-col-inner-container\">\n<div class=\"kc-elm kc-css-973159 kc-title-wrap \">\n\n\t<h3 class=\"kc_title\">Ask Donatics how we can help<\/h3>\n<\/div>\n<div class=\"kc-elm kc-css-960119 kc_text_block\"><p>\nThere are extensive community service opportunities for those looking for volunteer work that will help the impoverished and suffering throughout the world.<\/p>\n<\/div><div class=\"kc-elm kc-css-829159 kc_shortcode kc_single_image\">\n\n        <img src=\"https:\/\/ozgurgaz.com\/wp-content\/plugins\/kingcomposer\/assets\/images\/get_start.jpg\" class=\"kc_image_empty\" alt=\"\" \/>    <\/div>\n<\/div><\/div><div class=\"kc-elm kc-css-617819 kc_col-sm-6 kc_column_inner kc_col-sm-6\"><div class=\"kc_wrapper kc-col-inner-container\">\n<div class=\"kc-elm kc-css-891196 kc-title-wrap \">\n\n\t<h3 class=\"kc_title\">Company Information<\/h3>\n<\/div>\n<div class=\"kc-elm kc-css-59693 kc_text_block\"><p>\n<i class=\"sl sl-envelope-open\" style=\"color: #c82f2f;\"><\/i><span style=\"font-style: inherit; font-family: -apple-system, BlinkMacSystemFont,;\"><span style=\"font-family: FontAwesome;\">\u00a0 \u00a0<\/span><\/span><span style=\"font-style: inherit; font-family: -apple-system, BlinkMacSystemFont,;\">Email<\/span><\/p>\n<\/div><div class=\"kc-elm kc-css-280908 kc_text_block\"><p>\n<span style=\"font-style: inherit; font-family: -apple-system, BlinkMacSystemFont,;\">stewart_hoppe@damon.name<\/span><\/p>\n<\/div><div class=\"kc-elm kc-css-696204 kc_text_block\"><p>\n<i class=\"sl sl-phone\" style=\"color: #c82f2f;\"><\/i><span style=\"font-style: inherit; font-family: -apple-system, BlinkMacSystemFont,;\"><span style=\"font-family: FontAwesome;\">\u00a0 \u00a0<\/span><\/span><span style=\"font-style: inherit; font-family: -apple-system, BlinkMacSystemFont,;\">Phone<\/span><\/p>\n<\/div><div class=\"kc-elm kc-css-978791 kc_text_block\"><p>\n<span style=\"font-style: inherit; font-family: -apple-system, BlinkMacSystemFont,;\">100-338-5880<\/span><\/p>\n<\/div><div class=\"kc-elm kc-css-790949 kc_text_block\"><p>\n<i class=\"sl sl-home\" style=\"color: #c82f2f;\"><\/i><span style=\"font-style: inherit; font-family: -apple-system, BlinkMacSystemFont,;\"><span style=\"font-family: FontAwesome;\">\u00a0 \u00a0<\/span><\/span><span style=\"font-style: inherit; font-family: -apple-system, BlinkMacSystemFont,;\">Headquarter 1<\/span><\/p>\n<\/div><div class=\"kc-elm kc-css-875363 kc_text_block\"><p>\n<span style=\"font-style: inherit; font-family: -apple-system, BlinkMacSystemFont,;\">3310 Monahan Inlet Suite 011<\/span><\/p>\n<\/div><div class=\"kc-elm kc-css-984979 kc_text_block\"><p>\n<i class=\"sl sl-home\" style=\"color: #c82f2f;\"><\/i><span style=\"font-style: inherit; font-family: -apple-system, BlinkMacSystemFont,;\"><span style=\"font-family: FontAwesome;\">\u00a0 \u00a0<\/span><\/span><span style=\"font-style: inherit; font-family: -apple-system, BlinkMacSystemFont,;\">Headquarter 2<\/span><\/p>\n<\/div><div class=\"kc-elm kc-css-25582 kc_text_block\"><p>\n<span style=\"font-style: inherit; font-family: -apple-system, BlinkMacSystemFont,;\">908 New Hampshire Avenue #100, Washington, DC 2037, United States<\/span><\/p>\n<\/div><\/div><\/div><\/div><\/div><\/div><\/div><\/div><\/section><section data-kc-equalheight=\"true\" data-kc-equalheight-align=\"middle\" data-kc-fullwidth=\"row\" class=\"kc-elm kc-css-122762 kc_row normalize-kc-padding\"><div class=\"kc-row-container  kc-container\"><div class=\"kc-wrap-columns\"><div class=\"kc-elm kc-css-341844 kc_col-sm-5 kc_column kc_col-sm-5\"><div class=\"kc-col-container\"><div class=\"kc-elm kc-css-600444 kc_row kc_row_inner\"><div class=\"kc-elm kc-css-654868 kc_col-sm-12 kc_column_inner kc_col-sm-12\"><div class=\"kc_wrapper kc-col-inner-container\">\n<div class=\"kc-elm kc-css-519354 kc-title-wrap \">\n\n\t<h2 class=\"kc_title\">Have A Questions? <\/h2>\n<\/div>\n<div class=\"kc-contact-form7 kc-elm kc-css-272754\"><div role=\"form\" class=\"wpcf7\" id=\"wpcf7-f5939-o1\" lang=\"en-US\" dir=\"ltr\">\n<div class=\"screen-reader-response\"><p role=\"status\" aria-live=\"polite\" aria-atomic=\"true\"><\/p> <ul><\/ul><\/div>\n<form action=\"\/index.php\/wp-json\/wp\/v2\/pages\/5642#wpcf7-f5939-o1\" method=\"post\" class=\"wpcf7-form init\" novalidate=\"novalidate\" data-status=\"init\">\n<div style=\"display: none;\">\n<input type=\"hidden\" name=\"_wpcf7\" value=\"5939\" \/>\n<input type=\"hidden\" name=\"_wpcf7_version\" value=\"5.4\" \/>\n<input type=\"hidden\" name=\"_wpcf7_locale\" value=\"en_US\" \/>\n<input type=\"hidden\" name=\"_wpcf7_unit_tag\" value=\"wpcf7-f5939-o1\" \/>\n<input type=\"hidden\" name=\"_wpcf7_container_post\" value=\"0\" \/>\n<input type=\"hidden\" name=\"_wpcf7_posted_data_hash\" value=\"\" \/>\n<\/div>\n<div class=\"row form-djv-contact\">\n<div class=\"col-sm-6\" style=\"padding: 6px;\">\n\t\t<span class=\"wpcf7-form-control-wrap your-name\"><input type=\"text\" name=\"your-name\" value=\"\" size=\"40\" class=\"wpcf7-form-control wpcf7-text wpcf7-validates-as-required\" aria-required=\"true\" aria-invalid=\"false\" placeholder=\"Name\" \/><\/span>\n\t<\/div>\n<div class=\"col-sm-6\" style=\"padding: 6px;\">\n\t\t<span class=\"wpcf7-form-control-wrap your-company\"><input type=\"email\" name=\"your-company\" value=\"\" size=\"40\" class=\"wpcf7-form-control wpcf7-text wpcf7-email wpcf7-validates-as-required wpcf7-validates-as-email\" aria-required=\"true\" aria-invalid=\"false\" placeholder=\"Email\" \/><\/span>\n\t<\/div>\n<div class=\"col-sm-12\" style=\"padding: 6px;\">\n\t\t<span class=\"wpcf7-form-control-wrap your-message\"><textarea name=\"your-message\" cols=\"40\" rows=\"10\" class=\"wpcf7-form-control wpcf7-textarea wpcf7-validates-as-required\" aria-required=\"true\" aria-invalid=\"false\" placeholder=\"Detail Message\"><\/textarea><\/span>\n\t<\/div>\n<div class=\"col-sm-12\" style=\"margin: auto; text-align: center;\">\n\t\t<input type=\"submit\" value=\"Send\" class=\"wpcf7-form-control wpcf7-submit btn btn-rounded skin-primary\" \/>\n        <\/div>\n<\/div>\n<div class=\"wpcf7-response-output\" aria-hidden=\"true\"><\/div><\/form><\/div><\/div><\/div><\/div><\/div><\/div><\/div><div class=\"kc-elm kc-css-576163 kc_col-sm-1 kc_column kc_col-sm-1\"><div class=\"kc-col-container\"><\/div><\/div><div class=\"kc-elm kc-css-542248 kc_col-sm-6 kc_column kc_col-sm-6\"><div class=\"kc-col-container\"><div class=\"kc-elm kc-css-606220 kc_row kc_row_inner\"><div class=\"kc-elm kc-css-658251 kc_col-sm-6 kc_column_inner kc_col-sm-6\"><div class=\"kc_wrapper kc-col-inner-container\">\n<div class=\"kc-elm kc-css-477036 kc-title-wrap \">\n\n\t<h5 class=\"kc_title\">Legal Notice<\/h5>\n<\/div>\n<div class=\"kc-elm kc-css-207313 kc_text_block\"><p>Fields marked with an * are required<\/p>\n<p>This form collects your name, address, email and phone number so that we can add you to our database. You can update your preferences at any time by contacting the Ozgur Gas office. Ozgur Gas will not give your details to anyone else. For more information, please see our privacy policy so that you can see how we protect and manage your data.<\/p>\n<\/div><\/div><\/div><div class=\"kc-elm kc-css-19512 kc_col-sm-6 kc_column_inner kc_col-sm-6\"><div class=\"kc_wrapper kc-col-inner-container\">\n<div class=\"kc-elm kc-css-82566 kc-title-wrap \">\n\n\t<h3 class=\"kc_title\">Company Information<\/h3>\n<\/div>\n<div class=\"kc-elm kc-css-239512 kc_text_block\"><p>\n<i class=\"sl sl-envelope-open\" style=\"color: #c09458;\"><\/i><span style=\"font-style: inherit; font-family: -apple-system, BlinkMacSystemFont,;\"><span style=\"font-family: FontAwesome;\">\u00a0 \u00a0<\/span><\/span><span style=\"font-style: inherit; font-family: -apple-system, BlinkMacSystemFont,;\">Email<\/span><\/p>\n<\/div><div class=\"kc-elm kc-css-216258 kc_text_block\"><p><span style=\"font-style: inherit; font-family: -apple-system, BlinkMacSystemFont,;\">info@ozgurgaz.com<\/span><\/p>\n<\/div><div class=\"kc-elm kc-css-255695 kc_text_block\"><p>\n<i class=\"sl sl-phone\" style=\"color: #c09458;\"><\/i><span style=\"font-style: inherit; font-family: -apple-system, BlinkMacSystemFont,;\"><span style=\"font-family: FontAwesome;\">\u00a0 \u00a0<\/span><\/span><span style=\"font-style: inherit; font-family: -apple-system, BlinkMacSystemFont,;\">Phone<\/span><\/p>\n<\/div><div class=\"kc-elm kc-css-314453 kc_text_block\"><p><span style=\"font-style: inherit; font-family: -apple-system, BlinkMacSystemFont,;\">+90 232 437 34 96<\/span><\/p>\n<\/div><div class=\"kc-elm kc-css-403462 kc_text_block\"><p><i class=\"sl sl-home\" style=\"color: #c09458;\"><\/i><span style=\"font-style: inherit; font-family: -apple-system, BlinkMacSystemFont,;\"><span style=\"font-family: FontAwesome;\">\u00a0 \u00a0<\/span><\/span><span style=\"font-style: inherit; font-family: -apple-system, BlinkMacSystemFont,;\">Factory<\/span><\/p>\n<\/div><div class=\"kc-elm kc-css-341714 kc_text_block\"><p><span style=\"font-style: inherit; font-family: -apple-system, BlinkMacSystemFont,;\"> G\u00fcrp\u0131nar Mah. 7216 Sk. No:23<br \/>P\u0131narba\u015f\u0131 \u2013 \u0130ZM\u0130R \/ TURKEY<\/span><\/p>\n<\/div><\/div><\/div><\/div><\/div><\/div><\/div><\/div><\/section>\n","protected":false},"excerpt":{"rendered":"","protected":false},"author":1,"featured_media":0,"parent":0,"menu_order":0,"comment_status":"closed","ping_status":"closed","template":"","meta":[],"_links":{"self":[{"href":"https:\/\/ozgurgaz.com\/index.php\/wp-json\/wp\/v2\/pages\/5642"}],"collection":[{"href":"https:\/\/ozgurgaz.com\/index.php\/wp-json\/wp\/v2\/pages"}],"about":[{"href":"https:\/\/ozgurgaz.com\/index.php\/wp-json\/wp\/v2\/types\/page"}],"author":[{"embeddable":true,"href":"https:\/\/ozgurgaz.com\/index.php\/wp-json\/wp\/v2\/users\/1"}],"replies":[{"embeddable":true,"href":"https:\/\/ozgurgaz.com\/index.php\/wp-json\/wp\/v2\/comments?post=5642"}],"version-history":[{"count":0,"href":"https:\/\/ozgurgaz.com\/index.php\/wp-json\/wp\/v2\/pages\/5642\/revisions"}],"wp:attachment":[{"href":"https:\/\/ozgurgaz.com\/index.php\/wp-json\/wp\/v2\/media?parent=5642"}],"curies":[{"name":"wp","href":"https:\/\/api.w.org\/{rel}","templated":true}]}}